{"id":31,"date":"2015-10-21T12:34:01","date_gmt":"2015-10-21T12:34:01","guid":{"rendered":"http:\/\/test.kriesi.at\/construction\/?page_id=31"},"modified":"2019-08-06T11:45:21","modified_gmt":"2019-08-06T11:45:21","slug":"company","status":"publish","type":"page","link":"https:\/\/inmetalglass.com\/index.php\/company\/","title":{"rendered":"Contacto"},"content":{"rendered":"<div id='av_section_1' class='avia-section main_color avia-section-large avia-no-border-styling avia-bg-style-scroll  avia-builder-el-0  el_before_av_one_half  avia-builder-el-first   container_wrap sidebar_right' style=' '  ><div class='container' ><main  role=\"main\" itemprop=\"mainContentOfPage\"  class='template-page content  av-content-small alpha units'><div class='post-entry post-entry-type-page post-entry-31'><div class='entry-content-wrapper clearfix'>\n<div style='padding-bottom:0px; ' class='av-special-heading av-special-heading-h2  blockquote modern-quote modern-centered  avia-builder-el-1  el_before_av_hr  avia-builder-el-first   '><h2 class='av-special-heading-tag '  itemprop=\"headline\"  >Contacto<\/h2><div class='special-heading-border'><div class='special-heading-inner-border' ><\/div><\/div><\/div>\n<div style=' margin-top:5px; margin-bottom:75px;'  class='hr hr-custom hr-center hr-icon-no   avia-builder-el-2  el_after_av_heading  avia-builder-el-last '><span class='hr-inner   inner-border-av-border-fat' style=' width:50px; border-color:#efbb20;' ><span class='hr-inner-style'><\/span><\/span><\/div>\n<\/div><\/div><\/main><!-- close content main element --><\/div><\/div><div id='after_section_1' class='main_color av_default_container_wrap container_wrap sidebar_right' style=' '  ><div class='container' ><div class='template-page content  av-content-small alpha units'><div class='post-entry post-entry-type-page post-entry-31'><div class='entry-content-wrapper clearfix'><div class=\"flex_column av_one_half  av-animated-generic bottom-to-top  flex_column_div av-zero-column-padding first  avia-builder-el-3  el_after_av_section  el_before_av_one_half  avia-builder-el-first  \" style='border-radius:0px; '><section class=\"av_textblock_section \"  itemscope=\"itemscope\" itemtype=\"https:\/\/schema.org\/CreativeWork\" ><div class='avia_textblock  '   itemprop=\"text\" ><h1 style=\"text-align: center;\">InmetalGlass<\/h1>\n<p style=\"text-align: center;\">SALVADOR VILLALOBOS MILLAN<\/p>\n<p style=\"text-align: center;\">URB. EL PALOMAR CALLE PERDI N\u00ba3<\/p>\n<p style=\"text-align: center;\">Co\u00edn (M\u00e1laga)<\/p>\n<h1 style=\"text-align: center;\">Tel\u00e9fono : 669780915<\/h1>\n<h2 style=\"text-align: center;\">email: info@inmetalglass.com<\/h2>\n<\/div><\/section><\/div><\/p>\n<div class=\"flex_column av_one_half  av-animated-generic bottom-to-top  flex_column_div av-zero-column-padding   avia-builder-el-5  el_after_av_one_half  el_before_av_section  avia-builder-el-last  \" style='border-radius:0px; '><form action=\"https:\/\/inmetalglass.com\/index.php\/company\/\" method=\"post\"  class=\"avia_ajax_form av-form-labels-visible   avia-builder-el-6  avia-builder-el-no-sibling    \" data-avia-form-id=\"1\" data-avia-redirect=''><fieldset><h3>Cont\u00e1ctanos<\/h3><p class=' first_form  form_element form_fullwidth' id='element_avia_1_1'><label for=\"avia_1_1\">Nombre <abbr class=\"required\" title=\"requerido\">*<\/abbr><\/label> <input name=\"avia_1_1\" class=\"text_input is_empty\" type=\"text\" id=\"avia_1_1\" value=\"\" \/><\/p><p class=' first_form  form_element form_fullwidth' id='element_avia_2_1'><label for=\"avia_2_1\">Tel\u00e9fono <abbr class=\"required\" title=\"requerido\">*<\/abbr><\/label> <input name=\"avia_2_1\" class=\"text_input is_empty\" type=\"text\" id=\"avia_2_1\" value=\"\" \/><\/p><p class=' first_form  form_element form_fullwidth' id='element_avia_3_1'><label for=\"avia_3_1\">Correo electr\u00f3nico <abbr class=\"required\" title=\"requerido\">*<\/abbr><\/label> <input name=\"avia_3_1\" class=\"text_input is_email\" type=\"text\" id=\"avia_3_1\" value=\"\" \/><\/p><p class=' first_form  form_element form_fullwidth' id='element_avia_4_1'><label for=\"avia_4_1\">Asunto <abbr class=\"required\" title=\"requerido\">*<\/abbr><\/label> <input name=\"avia_4_1\" class=\"text_input is_empty\" type=\"text\" id=\"avia_4_1\" value=\"\" \/><\/p><p class=' first_form  form_element form_fullwidth' id='element_avia_5_1'>\t <label for=\"avia_5_1\" class=\"textare_label hidden textare_label_avia_5_1\">Mensaje <abbr class=\"required\" title=\"requerido\">*<\/abbr><\/label>\t <textarea  name=\"avia_5_1\" class=\"text_area is_empty\" cols=\"40\" rows=\"7\" id=\"avia_5_1\" ><\/textarea><\/p><p class=\"hidden\"><input type=\"text\" name=\"avia_6_1\" class=\"hidden \" id=\"avia_6_1\" value=\"\" \/><\/p><p class='' id='element_avia_7_1'>    <span class='value_verifier_label'>2 + 2 = ?<\/span>    <input name=\"avia_7_1_verifier\" type=\"hidden\" id=\"avia_7_1_verifier\" value=\"324447824\"\/><label for=\"avia_7_1\">Para mayor seguridad, responde la siguiente pregunta <abbr class=\"required\" title=\"requerido\">*<\/abbr><\/label>    <input name=\"avia_7_1\" class=\"text_input captcha\" type=\"text\" id=\"avia_7_1\" value=\"\"\/><\/p><p class=\"form_element \"><input type=\"hidden\" value=\"1\" name=\"avia_generated_form1\" \/><input type=\"submit\" value=\"Enviar\" class=\"button\"  data-sending-label=\"Enviando\"\/><\/p><\/fieldset><\/form><div id=\"ajaxresponse_1\" class=\"ajaxresponse ajaxresponse_1 hidden\"><\/div><\/div><\/div><\/div><\/div><!-- close content main div --><\/div><\/div><div id='av_section_2' class='avia-section main_color avia-section-large avia-no-shadow avia-bg-style-scroll  avia-builder-el-7  el_after_av_one_half  avia-builder-el-last   container_wrap sidebar_right' style='background-color: #fcfcfc;  '  ><div class='container' ><div class='template-page content  av-content-small alpha units'><div class='post-entry post-entry-type-page post-entry-31'><div class='entry-content-wrapper clearfix'>\n<div class=\"flex_column av_one_half  av-animated-generic bottom-to-top  flex_column_div first  avia-builder-el-8  el_before_av_one_half  avia-builder-el-first  \" style='border-width:1px; border-color:#e1e1e1; border-style:solid; padding:20px; background-color:#ffffff; border-radius:0px; '><section class=\"av_textblock_section \"  itemscope=\"itemscope\" itemtype=\"https:\/\/schema.org\/CreativeWork\" ><div class='avia_textblock  '   itemprop=\"text\" ><p>En primer lugar<strong> InmetalGlass<\/strong> cuenta con una experiencia de m\u00e1s de 20 a\u00f1os en el sector ofreciendo todo tipo de soluciones en carpinter\u00eda met\u00e1lica y de aluminio tanto a particulares, reformistas y constructores.<\/p>\n<p>Hemos realizado todo tipo de proyectos, desde una peque\u00f1a reforma con la que reemplazar las actuales ventanas por unas nuevas con caj\u00f3n de persiana integrado para particulares, como tambi\u00e9n la realizaci\u00f3n de toda una obra tanto en adosados como tambi\u00e9n\u00a0en edificios.<\/p>\n<p>Por lo tanto, disponemos de maquinaria y personal altamente cualificado para la realizaci\u00f3n de cualquier trabajo en aluminio, dentro y fuera de su hogar.<\/p>\n<p><strong>En InmetalGlass,<\/strong>\u00a0 nos esforzamos cada d\u00eda para darte el servicio que buscas. Contar\u00e1s con\u00a0<strong>asesoramiento personalizado<\/strong>\u00a0para:<\/p>\n<ul>\n<li>Conocer tu ahorro energ\u00e9tico instalando nuevas ventanas.<\/li>\n<li>Disponer de mayor confort ac\u00fastico y t\u00e9rmico.<\/li>\n<li>Escoger la funcionalidad m\u00e1s adecuada para tus\u00a0ventanas.<\/li>\n<li>Criterio est\u00e9tico para un acabado impecable.<\/li>\n<\/ul>\n<\/div><\/section><\/div><div class=\"flex_column av_one_half  av-animated-generic bottom-to-top  flex_column_div   avia-builder-el-10  el_after_av_one_half  avia-builder-el-last  \" style='border-width:1px; border-color:#e1e1e1; border-style:solid; padding:20px; background-color:#ffffff; border-radius:0px; '><section class=\"av_textblock_section \"  itemscope=\"itemscope\" itemtype=\"https:\/\/schema.org\/CreativeWork\" ><div class='avia_textblock  '   itemprop=\"text\" ><p style=\"text-align: justify;\">Dedicada a la carpinter\u00eda de aluminio desde 2003. En <strong>InmetalGlass<\/strong> contamos con un equipo t\u00e9cnico especializado. Garantizamos calidad y eficacia en nuestros trabajos, la cual se desplaza por toda la provincia a diario. Somos especialistas en:<\/p>\n<ul>\n<li style=\"text-align: center;\">\n<h3 style=\"text-align: left;\">Carpinter\u00eda de aluminio.<\/h3>\n<\/li>\n<li style=\"text-align: left;\">\n<h3>Persianas.<\/h3>\n<\/li>\n<li style=\"text-align: left;\">\n<h3>Cristaler\u00eda.<\/h3>\n<\/li>\n<li style=\"text-align: left;\">\n<h3>Mamparas de ba\u00f1o.<\/h3>\n<\/li>\n<li style=\"text-align: left;\">\n<h3>Mosquiteros.<\/h3>\n<\/li>\n<li style=\"text-align: left;\">\n<h3><strong>Cortinas de cristales<\/strong>.<\/h3>\n<\/li>\n<li style=\"text-align: left;\">\n<h3>Puertas<\/h3>\n<\/li>\n<li style=\"text-align: left;\">\n<h3>Ventanas<\/h3>\n<\/li>\n<li style=\"text-align: left;\">\n<h3>armarios<\/h3>\n<\/li>\n<li style=\"text-align: center;\">\n<h3 style=\"text-align: left;\">techos fijos y moviles<\/h3>\n<\/li>\n<\/ul>\n<p style=\"text-align: justify;\">Todas nuestras materias primas son de alta calidad. Adem\u00e1s no pierde nada en contactar con nosotros ya que hacemos su presupuesto sin compromiso. Aunque InmetalGlass se trata de una mediana empresa, contamos con una trayectoria de m\u00e1s 20 a\u00f1os en el sector.<\/p>\n<\/div><\/section><\/div>\n<\/div><\/div><\/div><!-- close content main div --><\/div><\/div><div id='after_section_2' class='main_color av_default_container_wrap container_wrap sidebar_right' style=' '  ><div class='container' ><div class='template-page content  av-content-small alpha units'><div class='post-entry post-entry-type-page post-entry-31'><div class='entry-content-wrapper clearfix'><\/p>\n","protected":false},"excerpt":{"rendered":"","protected":false},"author":1,"featured_media":0,"parent":0,"menu_order":0,"comment_status":"closed","ping_status":"closed","template":"","meta":[],"_links":{"self":[{"href":"https:\/\/inmetalglass.com\/index.php\/wp-json\/wp\/v2\/pages\/31"}],"collection":[{"href":"https:\/\/inmetalglass.com\/index.php\/wp-json\/wp\/v2\/pages"}],"about":[{"href":"https:\/\/inmetalglass.com\/index.php\/wp-json\/wp\/v2\/types\/page"}],"author":[{"embeddable":true,"href":"https:\/\/inmetalglass.com\/index.php\/wp-json\/wp\/v2\/users\/1"}],"replies":[{"embeddable":true,"href":"https:\/\/inmetalglass.com\/index.php\/wp-json\/wp\/v2\/comments?post=31"}],"version-history":[{"count":6,"href":"https:\/\/inmetalglass.com\/index.php\/wp-json\/wp\/v2\/pages\/31\/revisions"}],"predecessor-version":[{"id":294,"href":"https:\/\/inmetalglass.com\/index.php\/wp-json\/wp\/v2\/pages\/31\/revisions\/294"}],"wp:attachment":[{"href":"https:\/\/inmetalglass.com\/index.php\/wp-json\/wp\/v2\/media?parent=31"}],"curies":[{"name":"wp","href":"https:\/\/api.w.org\/{rel}","templated":true}]}}